{"id":79,"date":"2020-01-24T15:18:12","date_gmt":"2020-01-24T14:18:12","guid":{"rendered":"https:\/\/angoulvent.com\/Ecommerce\/?post_type=product&#038;p=79"},"modified":"2021-06-17T16:19:20","modified_gmt":"2021-06-17T14:19:20","slug":"petits-meurtres-sur-tapenade","status":"publish","type":"product","link":"https:\/\/angoulvent.com\/Ecommerce\/produit\/petits-meurtres-sur-tapenade\/","title":{"rendered":"Petits meurtres sur tapenade"},"content":{"rendered":"","protected":false},"excerpt":{"rendered":"<h6>Martine, femme solitaire, trouve en elle les ressources n\u00e9cessaires pour faire taire d\u00e9finitivement les protagonistes de ses souffrances&#8230; Elle joue !<br \/>\n\u00ab\u00a0Il s\u2019\u00e9tait install\u00e9 chez moi un matin, une rose \u00e0 la main, il \u00e9tait amoureux. Les chaussettes et les cale\u00e7ons tr\u00f4n\u00e8rent bient\u00f4t au milieu de mon salon. Au d\u00e9but je trouvais que \u00e7a remplissait les espaces. Ce qui au commencement n\u2019\u00e9tait qu\u2019une manie, que je lui reprochais en plaisantant, devint une habitude, que je ramassais. Ces habitudes qui avaient fini par cristalliser mon m\u00e9contentement, m\u2019abaissaient tous les matins, et je les absorbais sans fin.<br \/>\nQuand l\u2019autre n\u2019entend rien de ce qui lui est dit cent fois, alors on finit par le garder pour soi, au fond de soi. Deux \u00e9trangers en silence sous un toit commun mortif\u00e8re.\u00a0\u00bb<\/h6>\n<h6>ISBN 979-10-90644-01-4<\/h6>\n<h6>Roman &#8211; 222 pages<\/h6>\n<h6>Format 15&#215;21<\/h6>\n","protected":false},"featured_media":3460,"template":"","meta":[],"product_cat":[15,21],"product_tag":[19,25],"_links":{"self":[{"href":"https:\/\/angoulvent.com\/Ecommerce\/wp-json\/wp\/v2\/product\/79"}],"collection":[{"href":"https:\/\/angoulvent.com\/Ecommerce\/wp-json\/wp\/v2\/product"}],"about":[{"href":"https:\/\/angoulvent.com\/Ecommerce\/wp-json\/wp\/v2\/types\/product"}],"wp:featuredmedia":[{"embeddable":true,"href":"https:\/\/angoulvent.com\/Ecommerce\/wp-json\/wp\/v2\/media\/3460"}],"wp:attachment":[{"href":"https:\/\/angoulvent.com\/Ecommerce\/wp-json\/wp\/v2\/media?parent=79"}],"wp:term":[{"taxonomy":"product_cat","embeddable":true,"href":"https:\/\/angoulvent.com\/Ecommerce\/wp-json\/wp\/v2\/product_cat?post=79"},{"taxonomy":"product_tag","embeddable":true,"href":"https:\/\/angoulvent.com\/Ecommerce\/wp-json\/wp\/v2\/product_tag?post=79"}],"curies":[{"name":"wp","href":"https:\/\/api.w.org\/{rel}","templated":true}]}}