{"id":3581,"date":"2021-06-17T16:51:48","date_gmt":"2021-06-17T14:51:48","guid":{"rendered":"https:\/\/angoulvent.com\/Ecommerce\/?post_type=product&#038;p=3581"},"modified":"2021-06-17T16:54:40","modified_gmt":"2021-06-17T14:54:40","slug":"memoire-dhistoire-en-ocean-indien","status":"publish","type":"product","link":"https:\/\/angoulvent.com\/Ecommerce\/produit\/memoire-dhistoire-en-ocean-indien\/","title":{"rendered":"M\u00e9moire d&rsquo;histoire en oc\u00e9an Indien"},"content":{"rendered":"","protected":false},"excerpt":{"rendered":"<h6>Originaire de l&rsquo;\u00eele Maurice, et fils de l&rsquo;historien Auguste TOUSSAINT, Georges Toussaint nous emm\u00e8ne vers ces \u00eeles lointaines, celles de ses a\u00efeux en Oc\u00e9an Indien, les Mascareignes, les Seychelles, les Chagos et Madagascar.<\/h6>\n<h6>Ce parcours in\u00e9dit nous r\u00e9v\u00e8le les aventures tr\u00e8s particuli\u00e8res de familles traversant trois si\u00e8cles d\u2019histoire. Dans le prolongement de cette narration aiguis\u00e9e et tr\u00e8s document\u00e9e, l\u2019auteur nous invite, aujourd\u2019hui, \u00e0 revisiter ces \u00eeles de mani\u00e8re ludique, tout en questionnant une actualit\u00e9 qui engage l\u2019avenir du monde et de la plan\u00e8te.<\/h6>\n<h6>Ce passionnant r\u00e9cit de cette \u00ab M\u00e9moire d\u2019Histoire \u00bb, transmis avec force et humanisme, s\u2019av\u00e8re un excellent guide historique autant que touristique.<\/h6>\n<h6>192 pages<\/h6>\n<p>ISBN 9791090644045<\/p>\n","protected":false},"featured_media":3582,"template":"","meta":[],"product_cat":[15],"product_tag":[],"_links":{"self":[{"href":"https:\/\/angoulvent.com\/Ecommerce\/wp-json\/wp\/v2\/product\/3581"}],"collection":[{"href":"https:\/\/angoulvent.com\/Ecommerce\/wp-json\/wp\/v2\/product"}],"about":[{"href":"https:\/\/angoulvent.com\/Ecommerce\/wp-json\/wp\/v2\/types\/product"}],"wp:featuredmedia":[{"embeddable":true,"href":"https:\/\/angoulvent.com\/Ecommerce\/wp-json\/wp\/v2\/media\/3582"}],"wp:attachment":[{"href":"https:\/\/angoulvent.com\/Ecommerce\/wp-json\/wp\/v2\/media?parent=3581"}],"wp:term":[{"taxonomy":"product_cat","embeddable":true,"href":"https:\/\/angoulvent.com\/Ecommerce\/wp-json\/wp\/v2\/product_cat?post=3581"},{"taxonomy":"product_tag","embeddable":true,"href":"https:\/\/angoulvent.com\/Ecommerce\/wp-json\/wp\/v2\/product_tag?post=3581"}],"curies":[{"name":"wp","href":"https:\/\/api.w.org\/{rel}","templated":true}]}}