{"id":12,"date":"2020-01-21T17:35:02","date_gmt":"2020-01-21T16:35:02","guid":{"rendered":"https:\/\/angoulvent.com\/Ecommerce\/?post_type=product&#038;p=12"},"modified":"2021-06-17T16:45:28","modified_gmt":"2021-06-17T14:45:28","slug":"parole-image","status":"publish","type":"product","link":"https:\/\/angoulvent.com\/Ecommerce\/produit\/parole-image\/","title":{"rendered":"Paroles d&rsquo;images"},"content":{"rendered":"<div id=\"e6\" class=\"cc12\">\n<div><\/div>\n<div><\/div>\n<\/div>\n","protected":false},"excerpt":{"rendered":"<h6><\/h6>\n<h6>De ce que je vois il me vient des mots. De ce que j\u2019entends, il me vient des images. Des rencontres et des situations font que le tout s\u2019associe. Ces petites histoires que je vous livre sont parfois v\u00e9cues, mais le plus souvent, elles sont emprunt\u00e9es par mon oreille indiscr\u00e8te, \u00e0 des morceaux d\u2019histoires crois\u00e9s sur mon chemin. Dans ce livre j\u2019ai alli\u00e9 la peinture, mon premier langage, \u00e0 l\u2019infographie mon m\u00e9tier. Pour rendre le tout audible je l\u2019ai parsem\u00e9 de quelques rimes<\/h6>\n<h6>100 pages &#8211; Recueil de po\u00e9sie illustr\u00e9es<\/h6>\n<h6>\u00c9ditions Thot 2008<\/h6>\n<h6><span class=\"byLinePipe\">(Auteur, Illustrations Fr\u00e9d\u00e9rique Angoulvent)<\/span><\/h6>\n<p>ISBN: 978-284921-139-7<\/p>\n","protected":false},"featured_media":3459,"template":"","meta":[],"product_cat":[15,21],"product_tag":[19,24],"_links":{"self":[{"href":"https:\/\/angoulvent.com\/Ecommerce\/wp-json\/wp\/v2\/product\/12"}],"collection":[{"href":"https:\/\/angoulvent.com\/Ecommerce\/wp-json\/wp\/v2\/product"}],"about":[{"href":"https:\/\/angoulvent.com\/Ecommerce\/wp-json\/wp\/v2\/types\/product"}],"wp:featuredmedia":[{"embeddable":true,"href":"https:\/\/angoulvent.com\/Ecommerce\/wp-json\/wp\/v2\/media\/3459"}],"wp:attachment":[{"href":"https:\/\/angoulvent.com\/Ecommerce\/wp-json\/wp\/v2\/media?parent=12"}],"wp:term":[{"taxonomy":"product_cat","embeddable":true,"href":"https:\/\/angoulvent.com\/Ecommerce\/wp-json\/wp\/v2\/product_cat?post=12"},{"taxonomy":"product_tag","embeddable":true,"href":"https:\/\/angoulvent.com\/Ecommerce\/wp-json\/wp\/v2\/product_tag?post=12"}],"curies":[{"name":"wp","href":"https:\/\/api.w.org\/{rel}","templated":true}]}}