{"id":3412,"date":"2020-08-24T14:46:53","date_gmt":"2020-08-24T12:46:53","guid":{"rendered":"https:\/\/angoulvent.com\/Ecommerce\/?page_id=3412"},"modified":"2021-06-16T16:10:22","modified_gmt":"2021-06-16T14:10:22","slug":"editions","status":"publish","type":"page","link":"https:\/\/angoulvent.com\/Ecommerce\/","title":{"rendered":"Accueil"},"content":{"rendered":"\n\n\n\n\n<h2>Livres en vente<\/h2>\n\n\n<div class=\"wc-block-grid wp-block-product-category wc-block-product-category has-4-columns has-multiple-rows has-aligned-buttons\"><ul class=\"wc-block-grid__products\"><li class=\"wc-block-grid__product\">\n\t\t\t\t<a href=\"https:\/\/angoulvent.com\/Ecommerce\/produit\/memories-in-indian-ocean\/\" class=\"wc-block-grid__product-link\">\n\t\t\t\t\t<div class=\"wc-block-grid__product-image\"><img width=\"300\" height=\"419\" src=\"https:\/\/angoulvent.com\/Ecommerce\/wp-content\/uploads\/2024\/01\/memoirANG-300x419.jpg\" class=\"attachment-woocommerce_thumbnail size-woocommerce_thumbnail\" alt=\"\" loading=\"lazy\" srcset=\"https:\/\/angoulvent.com\/Ecommerce\/wp-content\/uploads\/2024\/01\/memoirANG-300x419.jpg 300w, https:\/\/angoulvent.com\/Ecommerce\/wp-content\/uploads\/2024\/01\/memoirANG-215x300.jpg 215w, https:\/\/angoulvent.com\/Ecommerce\/wp-content\/uploads\/2024\/01\/memoirANG-733x1024.jpg 733w, https:\/\/angoulvent.com\/Ecommerce\/wp-content\/uploads\/2024\/01\/memoirANG-768x1073.jpg 768w, https:\/\/angoulvent.com\/Ecommerce\/wp-content\/uploads\/2024\/01\/memoirANG-1099x1536.jpg 1099w, https:\/\/angoulvent.com\/Ecommerce\/wp-content\/uploads\/2024\/01\/memoirANG-1466x2048.jpg 1466w, https:\/\/angoulvent.com\/Ecommerce\/wp-content\/uploads\/2024\/01\/memoirANG-600x838.jpg 600w, https:\/\/angoulvent.com\/Ecommerce\/wp-content\/uploads\/2024\/01\/memoirANG-scaled.jpg 1832w\" sizes=\"(max-width: 300px) 100vw, 300px\" \/><\/div>\n\t\t\t\t\t<div class=\"wc-block-grid__product-title\">MEMORIES IN INDIAN OCEAN<\/div>\n\t\t\t\t<\/a>\n\t\t\t\t\n\t\t\t\t<div class=\"wc-block-grid__product-price price\"><span class=\"woocommerce-Price-amount amount\">16,00<span class=\"woocommerce-Price-currencySymbol\">&euro;<\/span><\/span><\/div>\n\t\t\t\t\n\t\t\t\t<div class=\"wp-block-button wc-block-grid__product-add-to-cart\"><a href=\"?add-to-cart=3649\" aria-label=\"Ajouter &ldquo;MEMORIES IN INDIAN OCEAN&rdquo; \u00e0 votre panier\" data-quantity=\"1\" data-product_id=\"3649\" data-product_sku=\"\" rel=\"nofollow\" class=\"wp-block-button__link add_to_cart_button ajax_add_to_cart\">Ajouter au panier<\/a><\/div>\n\t\t\t<\/li><li class=\"wc-block-grid__product\">\n\t\t\t\t<a href=\"https:\/\/angoulvent.com\/Ecommerce\/produit\/memoire-dhistoire-en-ocean-indien\/\" class=\"wc-block-grid__product-link\">\n\t\t\t\t\t<div class=\"wc-block-grid__product-image\"><img width=\"300\" height=\"439\" src=\"https:\/\/angoulvent.com\/Ecommerce\/wp-content\/uploads\/2021\/06\/covsite-300x439.jpg\" class=\"attachment-woocommerce_thumbnail size-woocommerce_thumbnail\" alt=\"\" loading=\"lazy\" srcset=\"https:\/\/angoulvent.com\/Ecommerce\/wp-content\/uploads\/2021\/06\/covsite-300x439.jpg 300w, https:\/\/angoulvent.com\/Ecommerce\/wp-content\/uploads\/2021\/06\/covsite-205x300.jpg 205w, https:\/\/angoulvent.com\/Ecommerce\/wp-content\/uploads\/2021\/06\/covsite.jpg 579w\" sizes=\"(max-width: 300px) 100vw, 300px\" \/><\/div>\n\t\t\t\t\t<div class=\"wc-block-grid__product-title\">M\u00e9moire d&rsquo;histoire en oc\u00e9an Indien<\/div>\n\t\t\t\t<\/a>\n\t\t\t\t\n\t\t\t\t<div class=\"wc-block-grid__product-price price\"><span class=\"woocommerce-Price-amount amount\">16,00<span class=\"woocommerce-Price-currencySymbol\">&euro;<\/span><\/span><\/div>\n\t\t\t\t\n\t\t\t\t<div class=\"wp-block-button wc-block-grid__product-add-to-cart\"><a href=\"?add-to-cart=3581\" aria-label=\"Ajouter &ldquo;M\u00e9moire d&#039;histoire en oc\u00e9an Indien&rdquo; \u00e0 votre panier\" data-quantity=\"1\" data-product_id=\"3581\" data-product_sku=\"\" rel=\"nofollow\" class=\"wp-block-button__link add_to_cart_button ajax_add_to_cart\">Ajouter au panier<\/a><\/div>\n\t\t\t<\/li><li class=\"wc-block-grid__product\">\n\t\t\t\t<a href=\"https:\/\/angoulvent.com\/Ecommerce\/produit\/petits-meurtres-sur-tapenade\/\" class=\"wc-block-grid__product-link\">\n\t\t\t\t\t<div class=\"wc-block-grid__product-image\"><img width=\"300\" height=\"472\" src=\"https:\/\/angoulvent.com\/Ecommerce\/wp-content\/uploads\/2020\/01\/petits_meurtres_web-300x472.jpg\" class=\"attachment-woocommerce_thumbnail size-woocommerce_thumbnail\" alt=\"\" loading=\"lazy\" srcset=\"https:\/\/angoulvent.com\/Ecommerce\/wp-content\/uploads\/2020\/01\/petits_meurtres_web-300x472.jpg 300w, https:\/\/angoulvent.com\/Ecommerce\/wp-content\/uploads\/2020\/01\/petits_meurtres_web-191x300.jpg 191w, https:\/\/angoulvent.com\/Ecommerce\/wp-content\/uploads\/2020\/01\/petits_meurtres_web.jpg 579w\" sizes=\"(max-width: 300px) 100vw, 300px\" \/><\/div>\n\t\t\t\t\t<div class=\"wc-block-grid__product-title\">Petits meurtres sur tapenade<\/div>\n\t\t\t\t<\/a>\n\t\t\t\t\n\t\t\t\t<div class=\"wc-block-grid__product-price price\"><span class=\"woocommerce-Price-amount amount\">15,00<span class=\"woocommerce-Price-currencySymbol\">&euro;<\/span><\/span><\/div>\n\t\t\t\t\n\t\t\t\t<div class=\"wp-block-button wc-block-grid__product-add-to-cart\"><a href=\"?add-to-cart=79\" aria-label=\"Ajouter &ldquo;Petits meurtres sur tapenade&rdquo; \u00e0 votre panier\" data-quantity=\"1\" data-product_id=\"79\" data-product_sku=\"\" rel=\"nofollow\" class=\"wp-block-button__link add_to_cart_button ajax_add_to_cart\">Ajouter au panier<\/a><\/div>\n\t\t\t<\/li><li class=\"wc-block-grid__product\">\n\t\t\t\t<a href=\"https:\/\/angoulvent.com\/Ecommerce\/produit\/le-tricot-dannette\/\" class=\"wc-block-grid__product-link\">\n\t\t\t\t\t<div class=\"wc-block-grid__product-image\"><img width=\"300\" height=\"472\" src=\"https:\/\/angoulvent.com\/Ecommerce\/wp-content\/uploads\/2020\/01\/tricot_web-300x472.jpg\" class=\"attachment-woocommerce_thumbnail size-woocommerce_thumbnail\" alt=\"\" loading=\"lazy\" srcset=\"https:\/\/angoulvent.com\/Ecommerce\/wp-content\/uploads\/2020\/01\/tricot_web-300x472.jpg 300w, https:\/\/angoulvent.com\/Ecommerce\/wp-content\/uploads\/2020\/01\/tricot_web-191x300.jpg 191w, https:\/\/angoulvent.com\/Ecommerce\/wp-content\/uploads\/2020\/01\/tricot_web.jpg 579w\" sizes=\"(max-width: 300px) 100vw, 300px\" \/><\/div>\n\t\t\t\t\t<div class=\"wc-block-grid__product-title\">Le tricot d&rsquo;Annette<\/div>\n\t\t\t\t<\/a>\n\t\t\t\t\n\t\t\t\t<div class=\"wc-block-grid__product-price price\"><span class=\"woocommerce-Price-amount amount\">20,00<span class=\"woocommerce-Price-currencySymbol\">&euro;<\/span><\/span><\/div>\n\t\t\t\t\n\t\t\t\t<div class=\"wp-block-button wc-block-grid__product-add-to-cart\"><a href=\"?add-to-cart=81\" aria-label=\"Ajouter &ldquo;Le tricot d&#039;Annette&rdquo; \u00e0 votre panier\" data-quantity=\"1\" data-product_id=\"81\" data-product_sku=\"\" rel=\"nofollow\" class=\"wp-block-button__link add_to_cart_button ajax_add_to_cart\">Ajouter au panier<\/a><\/div>\n\t\t\t<\/li><li class=\"wc-block-grid__product\">\n\t\t\t\t<a href=\"https:\/\/angoulvent.com\/Ecommerce\/produit\/chroniques-dordinaire\/\" class=\"wc-block-grid__product-link\">\n\t\t\t\t\t<div class=\"wc-block-grid__product-image\"><img width=\"300\" height=\"472\" src=\"https:\/\/angoulvent.com\/Ecommerce\/wp-content\/uploads\/2020\/01\/chroniquesWeb-1-300x472.jpg\" class=\"attachment-woocommerce_thumbnail size-woocommerce_thumbnail\" alt=\"\" loading=\"lazy\" srcset=\"https:\/\/angoulvent.com\/Ecommerce\/wp-content\/uploads\/2020\/01\/chroniquesWeb-1-300x472.jpg 300w, https:\/\/angoulvent.com\/Ecommerce\/wp-content\/uploads\/2020\/01\/chroniquesWeb-1-191x300.jpg 191w, https:\/\/angoulvent.com\/Ecommerce\/wp-content\/uploads\/2020\/01\/chroniquesWeb-1.jpg 579w\" sizes=\"(max-width: 300px) 100vw, 300px\" \/><\/div>\n\t\t\t\t\t<div class=\"wc-block-grid__product-title\">Chroniques d&rsquo;ordinaire<\/div>\n\t\t\t\t<\/a>\n\t\t\t\t\n\t\t\t\t<div class=\"wc-block-grid__product-price price\"><span class=\"woocommerce-Price-amount amount\">13,00<span class=\"woocommerce-Price-currencySymbol\">&euro;<\/span><\/span><\/div>\n\t\t\t\t\n\t\t\t\t<div class=\"wp-block-button wc-block-grid__product-add-to-cart\"><a href=\"https:\/\/angoulvent.com\/Ecommerce\/produit\/chroniques-dordinaire\/\" aria-label=\"En savoir plus sur &ldquo;Chroniques d&#039;ordinaire&rdquo;\" data-quantity=\"1\" data-product_id=\"78\" data-product_sku=\"\" rel=\"nofollow\" class=\"wp-block-button__link add_to_cart_button\">Lire la suite<\/a><\/div>\n\t\t\t<\/li><li class=\"wc-block-grid__product\">\n\t\t\t\t<a href=\"https:\/\/angoulvent.com\/Ecommerce\/produit\/parole-image\/\" class=\"wc-block-grid__product-link\">\n\t\t\t\t\t<div class=\"wc-block-grid__product-image\"><img width=\"300\" height=\"472\" src=\"https:\/\/angoulvent.com\/Ecommerce\/wp-content\/uploads\/2020\/01\/Paroles_web-300x472.jpg\" class=\"attachment-woocommerce_thumbnail size-woocommerce_thumbnail\" alt=\"\" loading=\"lazy\" srcset=\"https:\/\/angoulvent.com\/Ecommerce\/wp-content\/uploads\/2020\/01\/Paroles_web-300x472.jpg 300w, https:\/\/angoulvent.com\/Ecommerce\/wp-content\/uploads\/2020\/01\/Paroles_web-191x300.jpg 191w, https:\/\/angoulvent.com\/Ecommerce\/wp-content\/uploads\/2020\/01\/Paroles_web.jpg 579w\" sizes=\"(max-width: 300px) 100vw, 300px\" \/><\/div>\n\t\t\t\t\t<div class=\"wc-block-grid__product-title\">Paroles d&rsquo;images<\/div>\n\t\t\t\t<\/a>\n\t\t\t\t\n\t\t\t\t<div class=\"wc-block-grid__product-price price\"><span class=\"woocommerce-Price-amount amount\">19,00<span class=\"woocommerce-Price-currencySymbol\">&euro;<\/span><\/span><\/div>\n\t\t\t\t\n\t\t\t\t<div class=\"wp-block-button wc-block-grid__product-add-to-cart\"><a href=\"?add-to-cart=12\" aria-label=\"Ajouter &ldquo;Paroles d&#039;images&rdquo; \u00e0 votre panier\" data-quantity=\"1\" data-product_id=\"12\" data-product_sku=\"\" rel=\"nofollow\" class=\"wp-block-button__link add_to_cart_button ajax_add_to_cart\">Ajouter au panier<\/a><\/div>\n\t\t\t<\/li><\/ul><\/div>","protected":false},"excerpt":{"rendered":"<p>Livres en vente<\/p>\n","protected":false},"author":1,"featured_media":0,"parent":0,"menu_order":0,"comment_status":"closed","ping_status":"closed","template":"","meta":[],"_links":{"self":[{"href":"https:\/\/angoulvent.com\/Ecommerce\/wp-json\/wp\/v2\/pages\/3412"}],"collection":[{"href":"https:\/\/angoulvent.com\/Ecommerce\/wp-json\/wp\/v2\/pages"}],"about":[{"href":"https:\/\/angoulvent.com\/Ecommerce\/wp-json\/wp\/v2\/types\/page"}],"author":[{"embeddable":true,"href":"https:\/\/angoulvent.com\/Ecommerce\/wp-json\/wp\/v2\/users\/1"}],"replies":[{"embeddable":true,"href":"https:\/\/angoulvent.com\/Ecommerce\/wp-json\/wp\/v2\/comments?post=3412"}],"version-history":[{"count":36,"href":"https:\/\/angoulvent.com\/Ecommerce\/wp-json\/wp\/v2\/pages\/3412\/revisions"}],"predecessor-version":[{"id":3567,"href":"https:\/\/angoulvent.com\/Ecommerce\/wp-json\/wp\/v2\/pages\/3412\/revisions\/3567"}],"wp:attachment":[{"href":"https:\/\/angoulvent.com\/Ecommerce\/wp-json\/wp\/v2\/media?parent=3412"}],"curies":[{"name":"wp","href":"https:\/\/api.w.org\/{rel}","templated":true}]}}